{"id":571,"date":"2025-10-31T07:38:48","date_gmt":"2025-10-31T07:38:48","guid":{"rendered":"https:\/\/kongresi.fiumetours.hr\/wp\/?page_id=571"},"modified":"2026-03-12T12:02:10","modified_gmt":"2026-03-12T12:02:10","slug":"prijava-sazetaka","status":"publish","type":"page","link":"https:\/\/kongresi.fiumetours.hr\/en\/7-kongres-htd-2026\/prijava-sazetaka\/","title":{"rendered":"Abstract submission"},"content":{"rendered":"\t\t<div data-elementor-type=\"wp-page\" data-elementor-id=\"571\" class=\"elementor elementor-571\" data-elementor-post-type=\"page\">\n\t\t\t\t<div class=\"elementor-element elementor-element-7359d12 e-flex e-con-boxed e-con e-parent\" data-id=\"7359d12\" data-element_type=\"container\" data-settings=\"{&quot;background_background&quot;:&quot;classic&quot;}\">\n\t\t\t\t\t<div class=\"e-con-inner\">\n\t\t\t\t<div class=\"elementor-element elementor-element-52c97d6 elementor-widget elementor-widget-heading\" data-id=\"52c97d6\" data-element_type=\"widget\" data-widget_type=\"heading.default\">\n\t\t\t\t<div class=\"elementor-widget-container\">\n\t\t\t\t\t<h4 class=\"elementor-heading-title elementor-size-default\">7.\u00a0kongres Hrvatskog traumatolo\u0161kog dru\u0161tva s me\u0111unarodnim sudjelovanjem<\/h4>\t\t\t\t<\/div>\n\t\t\t\t<\/div>\n\t\t\t\t<div class=\"elementor-element elementor-element-3abdfc5 elementor-widget elementor-widget-heading\" data-id=\"3abdfc5\" data-element_type=\"widget\" data-widget_type=\"heading.default\">\n\t\t\t\t<div class=\"elementor-widget-container\">\n\t\t\t\t\t<h6 class=\"elementor-heading-title elementor-size-default\">Opatija, 17. \u2013 18. travnja 2026.<\/h6>\t\t\t\t<\/div>\n\t\t\t\t<\/div>\n\t\t\t\t<div class=\"elementor-element elementor-element-6be8f1c elementor-widget elementor-widget-spacer\" data-id=\"6be8f1c\" data-element_type=\"widget\" data-widget_type=\"spacer.default\">\n\t\t\t\t<div class=\"elementor-widget-container\">\n\t\t\t\t\t\t\t<div class=\"elementor-spacer\">\n\t\t\t<div class=\"elementor-spacer-inner\"><\/div>\n\t\t<\/div>\n\t\t\t\t\t\t<\/div>\n\t\t\t\t<\/div>\n\t\t\t\t<div class=\"elementor-element elementor-element-1790732 elementor-widget elementor-widget-heading\" data-id=\"1790732\" data-element_type=\"widget\" data-widget_type=\"heading.default\">\n\t\t\t\t<div class=\"elementor-widget-container\">\n\t\t\t\t\t<h1 class=\"elementor-heading-title elementor-size-default\">Prijava sa\u017eetaka<\/h1>\t\t\t\t<\/div>\n\t\t\t\t<\/div>\n\t\t\t\t<div class=\"elementor-element elementor-element-f5d2359 elementor-widget elementor-widget-spacer\" data-id=\"f5d2359\" data-element_type=\"widget\" data-widget_type=\"spacer.default\">\n\t\t\t\t<div class=\"elementor-widget-container\">\n\t\t\t\t\t\t\t<div class=\"elementor-spacer\">\n\t\t\t<div class=\"elementor-spacer-inner\"><\/div>\n\t\t<\/div>\n\t\t\t\t\t\t<\/div>\n\t\t\t\t<\/div>\n\t\t\t\t\t<\/div>\n\t\t\t\t<\/div>\n\t\t<div class=\"elementor-element elementor-element-d847e80 e-flex e-con-boxed e-con e-parent\" data-id=\"d847e80\" data-element_type=\"container\">\n\t\t\t\t\t<div class=\"e-con-inner\">\n\t\t\t\t<div class=\"elementor-element elementor-element-22a0098 elementor-widget elementor-widget-text-editor\" data-id=\"22a0098\" data-element_type=\"widget\" data-widget_type=\"text-editor.default\">\n\t\t\t\t<div class=\"elementor-widget-container\">\n\t\t\t\t\t\t\t\t\t<h2>Poziv na prijavu sa\u017eetaka je zatvoren.<\/h2><h6><strong>Obavijest o prihva\u0107anju<\/strong> rada autori \u0107e dobiti <strong>najkasnije 15. 3.<\/strong> 2026.<\/h6>\t\t\t\t\t\t\t\t<\/div>\n\t\t\t\t<\/div>\n\t\t\t\t\t<\/div>\n\t\t\t\t<\/div>\n\t\t<div class=\"elementor-element elementor-element-b948786 e-flex e-con-boxed e-con e-parent\" data-id=\"b948786\" data-element_type=\"container\">\n\t\t\t\t\t<div class=\"e-con-inner\">\n\t\t\t\t<div class=\"elementor-element elementor-element-1091d39 elementor-widget elementor-widget-heading\" data-id=\"1091d39\" data-element_type=\"widget\" data-widget_type=\"heading.default\">\n\t\t\t\t<div class=\"elementor-widget-container\">\n\t\t\t\t\t<h3 class=\"elementor-heading-title elementor-size-default\">Teme<\/h3>\t\t\t\t<\/div>\n\t\t\t\t<\/div>\n\t\t\t\t<div class=\"elementor-element elementor-element-72e42c7 elementor-widget elementor-widget-text-editor\" data-id=\"72e42c7\" data-element_type=\"widget\" data-widget_type=\"text-editor.default\">\n\t\t\t\t<div class=\"elementor-widget-container\">\n\t\t\t\t\t\t\t\t\t<ul><li>Kralje\u017enica, zdjelica i politrauma<\/li><li>Gornji ekstremitet<\/li><li>Donji ekstremitet<\/li><li>Sportska traumatologija<\/li><li>Ortogerijatrijska kirurgija<\/li><li>Periprotetske frakture<\/li><li>Dje\u010dja kirurgija lokomotornog sustava<\/li><li>Temeljne znanosti <em>(Basic science)<\/em><\/li><li>Slobodne teme<\/li><li>Sekcija za specijalizante<\/li><li>Sekcija medicinskih sestara i tehni\u010dara<\/li><li>Sekcija fizioterapeuta<\/li><\/ul>\t\t\t\t\t\t\t\t<\/div>\n\t\t\t\t<\/div>\n\t\t\t\t<div class=\"elementor-element elementor-element-3b4a8ae elementor-widget elementor-widget-heading\" data-id=\"3b4a8ae\" data-element_type=\"widget\" data-widget_type=\"heading.default\">\n\t\t\t\t<div class=\"elementor-widget-container\">\n\t\t\t\t\t<h3 class=\"elementor-heading-title elementor-size-default\">Na\u010dini izlaganja<\/h3>\t\t\t\t<\/div>\n\t\t\t\t<\/div>\n\t\t\t\t<div class=\"elementor-element elementor-element-6974b3c elementor-widget elementor-widget-text-editor\" data-id=\"6974b3c\" data-element_type=\"widget\" data-widget_type=\"text-editor.default\">\n\t\t\t\t<div class=\"elementor-widget-container\">\n\t\t\t\t\t\t\t\t\t<ul><li>Pozvano predavanje 20 min<\/li><li>Usmeno predavanje 15 min<\/li><li>Poster prezentacija<\/li><\/ul>\t\t\t\t\t\t\t\t<\/div>\n\t\t\t\t<\/div>\n\t\t\t\t\t<\/div>\n\t\t\t\t<\/div>\n\t\t<div class=\"elementor-element elementor-element-78dd96e e-flex e-con-boxed e-con e-parent\" data-id=\"78dd96e\" data-element_type=\"container\">\n\t\t\t\t\t<div class=\"e-con-inner\">\n\t\t\t\t<div class=\"elementor-element elementor-element-6539c43 elementor-widget elementor-widget-heading\" data-id=\"6539c43\" data-element_type=\"widget\" data-widget_type=\"heading.default\">\n\t\t\t\t<div class=\"elementor-widget-container\">\n\t\t\t\t\t<h3 class=\"elementor-heading-title elementor-size-default\">Upute za predaju sa\u017eetaka<\/h3>\t\t\t\t<\/div>\n\t\t\t\t<\/div>\n\t\t\t\t<div class=\"elementor-element elementor-element-70345ed elementor-widget elementor-widget-text-editor\" data-id=\"70345ed\" data-element_type=\"widget\" data-widget_type=\"text-editor.default\">\n\t\t\t\t<div class=\"elementor-widget-container\">\n\t\t\t\t\t\t\t\t\t<ul><li>Sa\u017eeci moraju biti napisani na hrvatskom ili engleskom jeziku<\/li><li>Maksimalan broj\u00a0 znakova: 2000<\/li><li>Font i veli\u010dina slova: Ariel, Calibri ili Times New Roman veli\u010dine 12 pt<\/li><li>Navesti ime i prezime autora, instituciju, grad i dr\u017eavu odakle dolazi, njegove kontakt informacije te imena i prezimena svih koautora\u00a0<\/li><li>Navesti temu prezentacije i na\u010din izlaganja<\/li><li>Dozvoljeni formati dokumenta za prijenos: pdf, doc i docx<\/li><li>Maksimalna veli\u010dina dokumenta za prijenos: 2 MB<\/li><\/ul>\t\t\t\t\t\t\t\t<\/div>\n\t\t\t\t<\/div>\n\t\t\t\t\t<\/div>\n\t\t\t\t<\/div>\n\t\t<div class=\"elementor-element elementor-element-9822e63 e-flex e-con-boxed e-con e-parent\" data-id=\"9822e63\" data-element_type=\"container\" id=\"prijavite_sazetak\">\n\t\t\t\t\t<div class=\"e-con-inner\">\n\t\t\t\t<div class=\"elementor-element elementor-element-37f76a4 elementor-widget elementor-widget-heading\" data-id=\"37f76a4\" data-element_type=\"widget\" data-widget_type=\"heading.default\">\n\t\t\t\t<div class=\"elementor-widget-container\">\n\t\t\t\t\t<h2 class=\"elementor-heading-title elementor-size-default\">Prijavite sa\u017eetak!<\/h2>\t\t\t\t<\/div>\n\t\t\t\t<\/div>\n\t\t\t\t<div class=\"elementor-element elementor-element-c761616 elementor-widget elementor-widget-text-editor\" data-id=\"c761616\" data-element_type=\"widget\" data-widget_type=\"text-editor.default\">\n\t\t\t\t<div class=\"elementor-widget-container\">\n\t\t\t\t\t\t\t\t\t<p>Nakon va\u0161e <em>online<\/em> prijave na va\u0161 e-mail sti\u0107i \u0107e potvrda primitka.<br \/>Najkasnije do 15. 3. 2026. dobit \u0107ete obavijest o prihva\u0107anju rada.<\/p>\t\t\t\t\t\t\t\t<\/div>\n\t\t\t\t<\/div>\n\t\t\t\t<div class=\"elementor-element elementor-element-72ec0d4 elementor-widget elementor-widget-text-editor\" data-id=\"72ec0d4\" data-element_type=\"widget\" data-widget_type=\"text-editor.default\">\n\t\t\t\t<div class=\"elementor-widget-container\">\n\t\t\t\t\t\t\t\t\t<p>Slanjem ove prijave dajete nam suglasnost da va\u0161e osobne podatke koristimo u skladu s\u00a0<a href=\"https:\/\/kongresi.fiumetours.hr\/pravila-privatnosti\/\" target=\"_blank\" rel=\"noopener\"><strong>Pravilima privatnosti.<\/strong><\/a><\/p>\t\t\t\t\t\t\t\t<\/div>\n\t\t\t\t<\/div>\n\t\t\t\t<div class=\"elementor-element elementor-element-cfb7954 elementor-button-align-stretch elementor-widget elementor-widget-form\" data-id=\"cfb7954\" data-element_type=\"widget\" data-settings=\"{&quot;step_next_label&quot;:&quot;Prethodno&quot;,&quot;step_previous_label&quot;:&quot;Slijede\\u0107e&quot;,&quot;button_width_tablet&quot;:&quot;100&quot;,&quot;button_width&quot;:&quot;100&quot;,&quot;step_type&quot;:&quot;number_text&quot;,&quot;step_icon_shape&quot;:&quot;circle&quot;}\" data-widget_type=\"form.default\">\n\t\t\t\t<div class=\"elementor-widget-container\">\n\t\t\t\t\t        <input type=\"hidden\" class=\"conditional_logic_data_js hidden\" data-form-id=\"Prijava_sa\u017eetka\" value=\"[]\" \/>\r\n\t\t<form class=\"elementor-form\" method=\"post\" name=\"Prijava_sa\u017eetka\" aria-label=\"Prijava_sa\u017eetka\" novalidate=\"\">\n\t\t\t<input type=\"hidden\" name=\"post_id\" value=\"571\"\/>\n\t\t\t<input type=\"hidden\" name=\"form_id\" value=\"cfb7954\"\/>\n\t\t\t<input type=\"hidden\" name=\"referer_title\" value=\"\" \/>\n\n\t\t\t\n\t\t\t<div class=\"elementor-form-fields-wrapper elementor-labels-above\">\n\t\t\t\t\t\t\t\t<div class=\"elementor-field-type-text elementor-field-group elementor-column elementor-field-group-field_ime elementor-col-33 elementor-field-required elementor-mark-required\">\n\t\t\t\t\t\t\t\t\t\t\t\t<label for=\"form-field-field_ime\" class=\"elementor-field-label\">\n\t\t\t\t\t\t\t\tIme autora\t\t\t\t\t\t\t<\/label>\n\t\t\t\t\t\t\t\t\t\t\t\t\t\t<input size=\"1\" type=\"text\" name=\"form_fields[field_ime]\" id=\"form-field-field_ime\" class=\"elementor-field elementor-size-sm  elementor-field-textual\" placeholder=\"Ime autora\" required=\"required\">\n\t\t\t\t\t\t\t\t\t\t\t<\/div>\n\t\t\t\t\t\t\t\t<div class=\"elementor-field-type-text\">\n\t\t\t\t\t<input size=\"1\" type=\"text\" name=\"form_fields[field_f645e6f]\" id=\"form-field-field_f645e6f\" class=\"elementor-field elementor-size-sm \" style=\"display:none !important;\">\t\t\t\t<\/div>\n\t\t\t\t\t\t\t\t<div class=\"elementor-field-type-text elementor-field-group elementor-column elementor-field-group-field_prezime elementor-col-33 elementor-field-required elementor-mark-required\">\n\t\t\t\t\t\t\t\t\t\t\t\t<label for=\"form-field-field_prezime\" class=\"elementor-field-label\">\n\t\t\t\t\t\t\t\tPrezime autora\t\t\t\t\t\t\t<\/label>\n\t\t\t\t\t\t\t\t\t\t\t\t\t\t<input size=\"1\" type=\"text\" name=\"form_fields[field_prezime]\" id=\"form-field-field_prezime\" class=\"elementor-field elementor-size-sm  elementor-field-textual\" placeholder=\"Prezime autora\" required=\"required\">\n\t\t\t\t\t\t\t\t\t\t\t<\/div>\n\t\t\t\t\t\t\t\t<div class=\"elementor-field-type-text elementor-field-group elementor-column elementor-field-group-name elementor-col-33\">\n\t\t\t\t\t\t\t\t\t\t\t\t<label for=\"form-field-name\" class=\"elementor-field-label\">\n\t\t\t\t\t\t\t\tTitula autora\t\t\t\t\t\t\t<\/label>\n\t\t\t\t\t\t\t\t\t\t\t\t\t\t<input size=\"1\" type=\"text\" name=\"form_fields[name]\" id=\"form-field-name\" class=\"elementor-field elementor-size-sm  elementor-field-textual\" placeholder=\"Titula autora\">\n\t\t\t\t\t\t\t\t\t\t\t<\/div>\n\t\t\t\t\t\t\t\t<div class=\"elementor-field-type-text elementor-field-group elementor-column elementor-field-group-field_dc4025d elementor-col-100 elementor-field-required elementor-mark-required\">\n\t\t\t\t\t\t\t\t\t\t\t\t<label for=\"form-field-field_dc4025d\" class=\"elementor-field-label\">\n\t\t\t\t\t\t\t\tUstanova\/tvrtka\t\t\t\t\t\t\t<\/label>\n\t\t\t\t\t\t\t\t\t\t\t\t\t\t<input size=\"1\" type=\"text\" name=\"form_fields[field_dc4025d]\" id=\"form-field-field_dc4025d\" class=\"elementor-field elementor-size-sm  elementor-field-textual\" placeholder=\"Ustanova\/tvrtka\" required=\"required\">\n\t\t\t\t\t\t\t\t\t\t\t<\/div>\n\t\t\t\t\t\t\t\t<div class=\"elementor-field-type-text elementor-field-group elementor-column elementor-field-group-field_327734a elementor-col-100 elementor-field-required elementor-mark-required\">\n\t\t\t\t\t\t\t\t\t\t\t\t<label for=\"form-field-field_327734a\" class=\"elementor-field-label\">\n\t\t\t\t\t\t\t\tUlica i ku\u0107ni broj\t\t\t\t\t\t\t<\/label>\n\t\t\t\t\t\t\t\t\t\t\t\t\t\t<input size=\"1\" type=\"text\" name=\"form_fields[field_327734a]\" id=\"form-field-field_327734a\" class=\"elementor-field elementor-size-sm  elementor-field-textual\" placeholder=\"Ulica i ku\u0107ni broj\" required=\"required\">\n\t\t\t\t\t\t\t\t\t\t\t<\/div>\n\t\t\t\t\t\t\t\t<div class=\"elementor-field-type-text elementor-field-group elementor-column elementor-field-group-field_1834b3e elementor-col-33 elementor-field-required elementor-mark-required\">\n\t\t\t\t\t\t\t\t\t\t\t\t<label for=\"form-field-field_1834b3e\" class=\"elementor-field-label\">\n\t\t\t\t\t\t\t\tGrad\/mjesto\t\t\t\t\t\t\t<\/label>\n\t\t\t\t\t\t\t\t\t\t\t\t\t\t<input size=\"1\" type=\"text\" name=\"form_fields[field_1834b3e]\" id=\"form-field-field_1834b3e\" class=\"elementor-field elementor-size-sm  elementor-field-textual\" placeholder=\"Grad\/mjesto\" required=\"required\">\n\t\t\t\t\t\t\t\t\t\t\t<\/div>\n\t\t\t\t\t\t\t\t<div class=\"elementor-field-type-number elementor-field-group elementor-column elementor-field-group-field_f32d11b elementor-col-33 elementor-field-required elementor-mark-required\">\n\t\t\t\t\t\t\t\t\t\t\t\t<label for=\"form-field-field_f32d11b\" class=\"elementor-field-label\">\n\t\t\t\t\t\t\t\tPo\u0161tanski broj\t\t\t\t\t\t\t<\/label>\n\t\t\t\t\t\t\t\t\t<input type=\"number\" name=\"form_fields[field_f32d11b]\" id=\"form-field-field_f32d11b\" class=\"elementor-field elementor-size-sm  elementor-field-textual\" placeholder=\"Po\u0161tanski broj\" required=\"required\" min=\"10000\" max=\"99999\" >\n\t\t\t\t\t\t<\/div>\n\t\t\t\t\t\t\t\t<div class=\"elementor-field-type-text elementor-field-group elementor-column elementor-field-group-field_f51d183 elementor-col-33 elementor-field-required elementor-mark-required\">\n\t\t\t\t\t\t\t\t\t\t\t\t<label for=\"form-field-field_f51d183\" class=\"elementor-field-label\">\n\t\t\t\t\t\t\t\tDr\u017eava\t\t\t\t\t\t\t<\/label>\n\t\t\t\t\t\t\t\t\t\t\t\t\t\t<input size=\"1\" type=\"text\" name=\"form_fields[field_f51d183]\" id=\"form-field-field_f51d183\" class=\"elementor-field elementor-size-sm  elementor-field-textual\" placeholder=\"Dr\u017eava\" required=\"required\">\n\t\t\t\t\t\t\t\t\t\t\t<\/div>\n\t\t\t\t\t\t\t\t<div class=\"elementor-field-type-email elementor-field-group elementor-column elementor-field-group-email elementor-col-50 elementor-field-required elementor-mark-required\">\n\t\t\t\t\t\t\t\t\t\t\t\t<label for=\"form-field-email\" class=\"elementor-field-label\">\n\t\t\t\t\t\t\t\te-mail\t\t\t\t\t\t\t<\/label>\n\t\t\t\t\t\t\t\t\t\t\t\t\t\t<input size=\"1\" type=\"email\" name=\"form_fields[email]\" id=\"form-field-email\" class=\"elementor-field elementor-size-sm  elementor-field-textual\" placeholder=\"e-mail adresa\" required=\"required\">\n\t\t\t\t\t\t\t\t\t\t\t<\/div>\n\t\t\t\t\t\t\t\t<div class=\"elementor-field-type-telephone elementor-field-group elementor-column elementor-field-group-field_a5698f4 elementor-col-50 elementor-field-required elementor-mark-required\">\n\t\t\t\t\t\t\t\t\t\t\t\t<label for=\"form-field-field_a5698f4\" class=\"elementor-field-label\">\n\t\t\t\t\t\t\t\tBroj telefona\/mobitela\t\t\t\t\t\t\t<\/label>\n\t\t\t\t\t\t\t\t<input dir=\"ltr\" type=\"text\" name=\"change_name_field_a5698f4\" id=\"form-field-field_a5698f4\" class=\"elementor-field elementor-size-sm  elementor-field-telephone elementor-field-textual yee-ltr\" required=\"required\" data-auto=\"yes\" data-pre=\"\" data-excludeCountries=\"\" data-onlyct=\"\" data-defcountry=\"hr\" data-hide_flag=\"\" data-hide_code=\"\" data-validation=\"yes\" data-name=\"field_a5698f4\" data-telephone_search=\"yes\" >\n\t\t<input onkeydown=\"return \/[0-9]|\\(|\\)|\\+|-|BACKSPACE\/i.test(event.key)\" type=\"hidden\" class=\"phone_check\" name=\"form_fields[field_a5698f4_check]\" value=\"\" >\n\t\t\t\t\t\t<\/div>\n\t\t\t\t\t\t\t\t<div class=\"elementor-field-type-repeater_start elementor-field-group elementor-column elementor-field-group-field_d902025 elementor-col-100\">\n\t\t\t\t\t\t\t\t\t\t\t\t<label for=\"form-field-field_d902025\" class=\"elementor-field-label\">\n\t\t\t\t\t\t\t\tKoautori\t\t\t\t\t\t\t<\/label>\n\t\t\t\t\t\t\t\t<div class=\"elementor-field-repeater-start\">\n\t\t\t<textarea class=\"repeater-field-header-data hidden\"><div class=\"repeater-field-header\">\n\t\t\t\t<div class=\"repeater-field-header-title\"> <span class=\"repeater-field-header-count\">1<\/span><\/div>\n\t\t\t\t<div class=\"repeater-field-header-acctions\">\n\t\t\t\t\t<ul>\n\t\t\t\t\t\t<li><i class=\"repeater-icon icon-down-open repeater-field-header-acctions-toogle\" aria-hidden=\"true\"><\/i><\/li>\n\t\t\t\t\t\t<li><i class=\"repeater-icon icon-cancel-1 repeater-field-header-acctions-remove\" aria-hidden=\"true\"><\/i><\/li>\n\t\t\t\t\t<\/ul>\n\t\t\t\t<\/div>\n\t\t\t<\/div><\/textarea>\n\t\t<\/div>\n\t\t\t\t<\/div>\n\t\t\t\t\t\t\t\t<div class=\"elementor-field-type-text elementor-field-group elementor-column elementor-field-group-field_334e483 elementor-col-33\">\n\t\t\t\t\t\t\t\t\t\t\t\t<label for=\"form-field-field_334e483\" class=\"elementor-field-label\">\n\t\t\t\t\t\t\t\tIme koautora\t\t\t\t\t\t\t<\/label>\n\t\t\t\t\t\t\t\t\t\t\t\t\t\t<input size=\"1\" type=\"text\" name=\"form_fields[field_334e483]\" id=\"form-field-field_334e483\" class=\"elementor-field elementor-size-sm  elementor-field-textual\" placeholder=\"Ime\">\n\t\t\t\t\t\t\t\t\t\t\t<\/div>\n\t\t\t\t\t\t\t\t<div class=\"elementor-field-type-text elementor-field-group elementor-column elementor-field-group-field_89a4c76 elementor-col-33\">\n\t\t\t\t\t\t\t\t\t\t\t\t<label for=\"form-field-field_89a4c76\" class=\"elementor-field-label\">\n\t\t\t\t\t\t\t\tPrezime koautora\t\t\t\t\t\t\t<\/label>\n\t\t\t\t\t\t\t\t\t\t\t\t\t\t<input size=\"1\" type=\"text\" name=\"form_fields[field_89a4c76]\" id=\"form-field-field_89a4c76\" class=\"elementor-field elementor-size-sm  elementor-field-textual\" placeholder=\"Prezime\">\n\t\t\t\t\t\t\t\t\t\t\t<\/div>\n\t\t\t\t\t\t\t\t<div class=\"elementor-field-type-text elementor-field-group elementor-column elementor-field-group-field_2e88faf elementor-col-33\">\n\t\t\t\t\t\t\t\t\t\t\t\t<label for=\"form-field-field_2e88faf\" class=\"elementor-field-label\">\n\t\t\t\t\t\t\t\tTitula koautora\t\t\t\t\t\t\t<\/label>\n\t\t\t\t\t\t\t\t\t\t\t\t\t\t<input size=\"1\" type=\"text\" name=\"form_fields[field_2e88faf]\" id=\"form-field-field_2e88faf\" class=\"elementor-field elementor-size-sm  elementor-field-textual\" placeholder=\"Titula\">\n\t\t\t\t\t\t\t\t\t\t\t<\/div>\n\t\t\t\t\t\t\t\t<div class=\"elementor-field-type-repeater elementor-field-group elementor-column elementor-field-group-field_f183fe5 elementor-col-100\">\n\t\t\t\t\t\t\t<div class=\"elementor-field-repeater-end\" data-initial_rows=\"1\" data-initial_rows_map=\"\" data-map_id=\"elementor-field-group-field_f183fe5\" data-limit=\"25\">\n\t\t\t<div class=\"repeater-field-warp-item\">\n\t\t\t<\/div>\n\t\t\t<div class=\"repeater-field-footer\"><a href=\"#\" class=\"repeater-field-button-add\" style=\"padding:3px 24px 3px 24px; border-width:0px 0px 0px 0px; border-radius:5px 5px 5px 5px; color:#fff; background:#69727d; border-color:#69727d; border-style:solid; \">Dodaj sljede\u0107eg...<\/a><\/div>\n\t\t\t<input type=\"hidden\" name=\"form_fields[field_f183fe5]\" id=\"form-field-field_f183fe5\" class=\"elementor-field elementor-size-sm  elementor-field-repeater-data\">\n\t\t\t<textarea class=\"elementor-field-repeater-data-html hidden\"><\/textarea>\n\t\t<\/div>\n\t\t\t\t<\/div>\n\t\t\t\t\t\t\t\t<div class=\"elementor-field-type-select elementor-field-group elementor-column elementor-field-group-field_68a1bdf elementor-col-100 elementor-field-required elementor-mark-required\">\n\t\t\t\t\t\t\t\t\t\t\t\t<label for=\"form-field-field_68a1bdf\" class=\"elementor-field-label\">\n\t\t\t\t\t\t\t\tTema sa\u017eetka\t\t\t\t\t\t\t<\/label>\n\t\t\t\t\t\t\t\t<div class=\"elementor-field elementor-select-wrapper remove-before \">\n\t\t\t<div class=\"select-caret-down-wrapper\">\n\t\t\t\t<svg aria-hidden=\"true\" class=\"e-font-icon-svg e-eicon-caret-down\" viewBox=\"0 0 571.4 571.4\" xmlns=\"http:\/\/www.w3.org\/2000\/svg\"><path d=\"M571 393Q571 407 561 418L311 668Q300 679 286 679T261 668L11 418Q0 407 0 393T11 368 36 357H536Q550 357 561 368T571 393Z\"><\/path><\/svg>\t\t\t<\/div>\n\t\t\t<select name=\"form_fields[field_68a1bdf]\" id=\"form-field-field_68a1bdf\" class=\"elementor-field-textual elementor-size-sm\" required=\"required\">\n\t\t\t\t\t\t\t\t\t<option value=\"\"><\/option>\n\t\t\t\t\t\t\t\t\t<option value=\"Kralje\u017enica, zdjelica i politrauma\">Kralje\u017enica, zdjelica i politrauma\u00ad\u00ad\u00ad\u00ad<\/option>\n\t\t\t\t\t\t\t\t\t<option value=\"Gornji ekstremitet\">Gornji ekstremitet\u00ad\u00ad\u00ad\u00ad<\/option>\n\t\t\t\t\t\t\t\t\t<option value=\"Donji ekstremitet\">Donji ekstremitet\u00ad\u00ad\u00ad\u00ad<\/option>\n\t\t\t\t\t\t\t\t\t<option value=\"Sportska traumatologija\">Sportska traumatologija\u00ad\u00ad\u00ad\u00ad<\/option>\n\t\t\t\t\t\t\t\t\t<option value=\"Ortogerijatrijska kirurgija\">Ortogerijatrijska kirurgija\u00ad\u00ad\u00ad\u00ad<\/option>\n\t\t\t\t\t\t\t\t\t<option value=\"Periprotetske frakture\">Periprotetske frakture\u00ad\u00ad\u00ad\u00ad<\/option>\n\t\t\t\t\t\t\t\t\t<option value=\"Dje\u010dja kirurgija lokomotornog sustava\">Dje\u010dja kirurgija lokomotornog sustava\u00ad\u00ad\u00ad\u00ad<\/option>\n\t\t\t\t\t\t\t\t\t<option value=\"Temeljne znanosti (Basic science)\">Temeljne znanosti (Basic science)\u00ad\u00ad\u00ad\u00ad<\/option>\n\t\t\t\t\t\t\t\t\t<option value=\"Slobodna tema\">Slobodna tema\u00ad\u00ad\u00ad\u00ad<\/option>\n\t\t\t\t\t\t\t\t\t<option value=\"Sekcija za specijalizante\">Sekcija za specijalizante<\/option>\n\t\t\t\t\t\t\t\t\t<option value=\"Sekcija medicinskih sestara i tehni\u010dara\">Sekcija medicinskih sestara i tehni\u010dara<\/option>\n\t\t\t\t\t\t\t\t\t<option value=\"Sekcija fizioterapeuta\">Sekcija fizioterapeuta<\/option>\n\t\t\t\t\t\t\t<\/select>\n\t\t<\/div>\n\t\t\t\t\t\t<\/div>\n\t\t\t\t\t\t\t\t<div class=\"elementor-field-type-text elementor-field-group elementor-column elementor-field-group-field_6b684f9 elementor-col-100 elementor-field-required elementor-mark-required\">\n\t\t\t\t\t\t\t\t\t\t\t\t<label for=\"form-field-field_6b684f9\" class=\"elementor-field-label\">\n\t\t\t\t\t\t\t\tNaslov sa\u017eetka\t\t\t\t\t\t\t<\/label>\n\t\t\t\t\t\t\t\t\t\t\t\t\t\t<input size=\"1\" type=\"text\" name=\"form_fields[field_6b684f9]\" id=\"form-field-field_6b684f9\" class=\"elementor-field elementor-size-sm  elementor-field-textual\" placeholder=\"Naslov sa\u017eetka\" required=\"required\">\n\t\t\t\t\t\t\t\t\t\t\t<\/div>\n\t\t\t\t\t\t\t\t<div class=\"elementor-field-type-checkbox elementor-field-group elementor-column elementor-field-group-field_57705a6 elementor-col-100\">\n\t\t\t\t\t\t\t\t\t\t\t\t<label for=\"form-field-field_57705a6\" class=\"elementor-field-label\">\n\t\t\t\t\t\t\t\tNa\u010din prezentacije\t\t\t\t\t\t\t<\/label>\n\t\t\t\t\t\t<div class=\"elementor-field-subgroup  \"><span class=\"elementor-field-option\"><input type=\"checkbox\" value=\"usmeno izlaganje\" id=\"form-field-field_57705a6-0\" name=\"form_fields[field_57705a6][]\"> <label for=\"form-field-field_57705a6-0\">Usmeno izlaganje<\/label><\/span><span class=\"elementor-field-option\"><input type=\"checkbox\" value=\"poster prezentacija\" id=\"form-field-field_57705a6-1\" name=\"form_fields[field_57705a6][]\"> <label for=\"form-field-field_57705a6-1\">Poster prezentacija<\/label><\/span><\/div>\t\t\t\t<\/div>\n\t\t\t\t\t\t\t\t<div class=\"elementor-field-type-upload elementor-field-group elementor-column elementor-field-group-field_98c4ff9 elementor-col-100 elementor-field-required elementor-mark-required\">\n\t\t\t\t\t\t\t\t\t\t\t\t<label for=\"form-field-field_98c4ff9\" class=\"elementor-field-label\">\n\t\t\t\t\t\t\t\tPrijenos sa\u017eetka (pdf, doc ili docx maksimalne veli\u010dine 2 MB)\t\t\t\t\t\t\t<\/label>\n\t\t\t\t\t\t\t\t<input type=\"file\" name=\"form_fields[field_98c4ff9]\" id=\"form-field-field_98c4ff9\" class=\"elementor-field elementor-size-sm  elementor-upload-field\" required=\"required\" data-maxsize=\"2\" data-maxsize-message=\"This file exceeds the maximum allowed size.\">\n\n\t\t\t\t\t\t<\/div>\n\t\t\t\t\t\t\t\t<div class=\"elementor-field-group elementor-column elementor-field-type-submit elementor-col-100 e-form__buttons elementor-md-100\">\n\t\t\t\t\t<button class=\"elementor-button elementor-size-sm elementor-animation-grow\" type=\"submit\">\n\t\t\t\t\t\t<span class=\"elementor-button-content-wrapper\">\n\t\t\t\t\t\t\t\t\t\t\t\t\t\t\t\t\t\t\t\t\t\t<span class=\"elementor-button-text\">Po\u0161alji<\/span>\n\t\t\t\t\t\t\t\t\t\t\t\t\t<\/span>\n\t\t\t\t\t<\/button>\n\t\t\t\t<\/div>\n\t\t\t<\/div>\n\t\t<\/form>\n\t\t\t\t\t\t<\/div>\n\t\t\t\t<\/div>\n\t\t\t\t\t<\/div>\n\t\t\t\t<\/div>\n\t\t\t\t<\/div>\n\t\t","protected":false},"excerpt":{"rendered":"<p>7.\u00a0kongres Hrvatskog traumatolo\u0161kog dru\u0161tva s me\u0111unarodnim sudjelovanjem Opatija, 17. \u2013 18. travnja 2026. Poziv na prijavu sa\u017eetaka je zatvoren. Obavijest o prihva\u0107anju rada autori \u0107e dobiti najkasnije 15. 3. 2026. Teme Kralje\u017enica, zdjelica i politrauma Gornji ekstremitet Donji ekstremitet Sportska traumatologija Ortogerijatrijska kirurgija Periprotetske frakture Dje\u010dja kirurgija lokomotornog sustava Temeljne znanosti (Basic science) Slobodne teme [&hellip;]<\/p>\n","protected":false},"author":1,"featured_media":0,"parent":1914,"menu_order":0,"comment_status":"closed","ping_status":"closed","template":"elementor_header_footer","meta":{"footnotes":""},"class_list":["post-571","page","type-page","status-publish","hentry"],"_links":{"self":[{"href":"https:\/\/kongresi.fiumetours.hr\/en\/wp-json\/wp\/v2\/pages\/571","targetHints":{"allow":["GET"]}}],"collection":[{"href":"https:\/\/kongresi.fiumetours.hr\/en\/wp-json\/wp\/v2\/pages"}],"about":[{"href":"https:\/\/kongresi.fiumetours.hr\/en\/wp-json\/wp\/v2\/types\/page"}],"author":[{"embeddable":true,"href":"https:\/\/kongresi.fiumetours.hr\/en\/wp-json\/wp\/v2\/users\/1"}],"replies":[{"embeddable":true,"href":"https:\/\/kongresi.fiumetours.hr\/en\/wp-json\/wp\/v2\/comments?post=571"}],"version-history":[{"count":217,"href":"https:\/\/kongresi.fiumetours.hr\/en\/wp-json\/wp\/v2\/pages\/571\/revisions"}],"predecessor-version":[{"id":2085,"href":"https:\/\/kongresi.fiumetours.hr\/en\/wp-json\/wp\/v2\/pages\/571\/revisions\/2085"}],"up":[{"embeddable":true,"href":"https:\/\/kongresi.fiumetours.hr\/en\/wp-json\/wp\/v2\/pages\/1914"}],"wp:attachment":[{"href":"https:\/\/kongresi.fiumetours.hr\/en\/wp-json\/wp\/v2\/media?parent=571"}],"curies":[{"name":"wp","href":"https:\/\/api.w.org\/{rel}","templated":true}]}}