{"id":3,"date":"2025-10-08T08:03:23","date_gmt":"2025-10-08T08:03:23","guid":{"rendered":"https:\/\/kongresi.fiumetours.hr\/wp\/?page_id=3"},"modified":"2025-11-19T21:23:28","modified_gmt":"2025-11-19T21:23:28","slug":"pravila-privatnosti","status":"publish","type":"page","link":"https:\/\/kongresi.fiumetours.hr\/en\/pravila-privatnosti\/","title":{"rendered":"Privacy policy"},"content":{"rendered":"<div data-elementor-type=\"wp-page\" data-elementor-id=\"3\" class=\"elementor elementor-3\" data-elementor-post-type=\"page\">\n\t\t\t\t<div class=\"elementor-element elementor-element-30563bb e-flex e-con-boxed e-con e-parent\" data-id=\"30563bb\" data-element_type=\"container\">\n\t\t\t\t\t<div class=\"e-con-inner\">\n\t\t\t\t<div class=\"elementor-element elementor-element-977d3d2 elementor-widget elementor-widget-spacer\" data-id=\"977d3d2\" data-element_type=\"widget\" data-widget_type=\"spacer.default\">\n\t\t\t\t<div class=\"elementor-widget-container\">\n\t\t\t\t\t\t\t<div class=\"elementor-spacer\">\n\t\t\t<div class=\"elementor-spacer-inner\"><\/div>\n\t\t<\/div>\n\t\t\t\t\t\t<\/div>\n\t\t\t\t<\/div>\n\t\t\t\t<div class=\"elementor-element elementor-element-022adf4 elementor-widget elementor-widget-text-editor\" data-id=\"022adf4\" data-element_type=\"widget\" data-widget_type=\"text-editor.default\">\n\t\t\t\t<div class=\"elementor-widget-container\">\n\t\t\t\t\t\t\t\t\t<p class=\"translation-block\"><strong>Fiume Tours d.o.o.,<\/strong> headquartered in Rijeka, Ul. pod Ka\u0161telom 5 (Fiume Tours), respects privacy and protects personal data in accordance with Regulation (EU) 2016\/679 of the European Parliament and of the Council on the protection of individuals with regard to the processing of personal data and on the free movement of such data (General Data Protection Regulation \u2013 GDPR) and the Act on the Implementation of the General Data Protection Regulation (Narodne novine 42\/2018). Fiume Tours controls all personal data provided to us and is responsible for its storage and processing in a fair, lawful, secure, and transparent manner.<\/p>\t\t\t\t\t\t\t\t<\/div>\n\t\t\t\t<\/div>\n\t\t\t\t<div class=\"elementor-element elementor-element-ae7989d elementor-widget elementor-widget-text-editor\" data-id=\"ae7989d\" data-element_type=\"widget\" data-widget_type=\"text-editor.default\">\n\t\t\t\t<div class=\"elementor-widget-container\">\n\t\t\t\t\t\t\t\t\t<h3 class=\"translation-block\">Use of the website and cookies<\/h3>\n<p class=\"translation-block\">In order for the website to function properly and to allow continuous improvement aimed at enhancing your browsing experience, our web server stores certain data on your computer or mobile device that may be considered personal data. Such information may include the name of your internet service provider, the website through which you accessed our page, and your IP address. This data is stored on your computer or mobile device in the form of small text files known as cookies.<\/p>\n<h4><strong>Necessary cookies<\/strong><\/h4>\n<p>Necessary cookies, or first-party cookies, are those set by the websites you visit and can only be read by those websites. They may be temporary or permanent. Temporary cookies (so-called session cookies) are automatically deleted from your device when you leave our website, i.e., at the end of the session. We use permanent cookies, for example, to save your cookie settings \u2014 this allows us to ask for your consent to the use of cookies every 180 days instead of each time you visit our website again.<\/p>\n<p>You cannot refuse the use of necessary cookies, as doing so would affect the functionality and your ability to browse our website.<\/p>\n<h4><strong>Third-party cookies<\/strong><\/h4>\n<p>Our website does not use third-party cookies.<\/p>\t\t\t\t\t\t\t\t<\/div>\n\t\t\t\t<\/div>\n\t\t\t\t<div class=\"elementor-element elementor-element-bba1248 elementor-widget elementor-widget-text-editor\" data-id=\"bba1248\" data-element_type=\"widget\" data-widget_type=\"text-editor.default\">\n\t\t\t\t<div class=\"elementor-widget-container\">\n\t\t\t\t\t\t\t\t\t<h3>Collection, processing, and storage of your personal data<\/h3>\n<h4><strong>What personal data do we collect and store?<\/strong><\/h4>\n<p>We collect and store your personal data for the purposes of registering for events for which we act as the technical organizer and for providing our services. This data may include your name and surname, title\/qualification, address, employer\u2019s name, email address, and telephone number.<\/p>\n<p>By providing your data and information, you guarantee that they are accurate and that you fully agree with our Privacy Policy and the terms stated therein.<\/p>\n<p>Fiume Tours does not collect or process special categories of personal data.<\/p>\n<h4><strong>Why do we need your personal data?<\/strong><\/h4>\n<p>We collect and process your personal data in order to respond to your inquiry, enable your registration for events, and provide our services such as accommodation and transportation arrangements.<\/p>\n<h4><strong>With whom do we share your personal data?<\/strong><\/h4>\n<p>Va\u0161e podatke dijelimo s organizatorima doga\u0111anja na koja ste se prijavili te pravnim ili fizi\u010dkim osobama koje vam pru\u017eaju uslugu za koju ste se prijavili (npr. s hotelom koji ste odabrali za smje\u0161taj).<\/p>\n<p>Fiume Tours does not process your personal data for marketing purposes, nor does it use your personal data for any other commercial purpose \u2014 we do not sell, rent, disclose, or make it available to any third-party legal or natural persons.<\/p>\n<h4><strong>How long do we retain them?<\/strong><\/h4>\n<p>Personal data collected through registration forms will be retained for one year from the date of collection.<\/p>\t\t\t\t\t\t\t\t<\/div>\n\t\t\t\t<\/div>\n\t\t\t\t<div class=\"elementor-element elementor-element-54a4f2e elementor-widget elementor-widget-text-editor\" data-id=\"54a4f2e\" data-element_type=\"widget\" data-widget_type=\"text-editor.default\">\n\t\t\t\t<div class=\"elementor-widget-container\">\n\t\t\t\t\t\t\t\t\t<h3>Your rights regarding personal data<\/h3>\n<p>As a data subject, you have the right at any time to request access to, correction, or deletion of your personal data, as well as to restrict or object to certain types of data processing. Anyone who believes that their rights guaranteed by the Act on the Implementation of the General Data Protection Regulation or the General Data Protection Regulation (GDPR) have been violated may file a complaint with the Croatian Personal Data Protection Agency (AZOP)\u00a0<a href=\"https:\/\/azop.hr\/\"><strong>www.azop.hr<\/strong><\/a>.<\/p>\n<p>Please send all questions and requests regarding the protection of your personal data to the following addresses:<\/p>\n<p style=\"text-align: center;\">Fiume Tours d.o.o.<br \/>51000 Rijeka, Ul pod Ka\u0161telom 5<br \/>or<br \/><strong><a href=\"mailto:kongresi@fiumetours.hr\">kongresi@fiumetours.hr<\/a><\/strong><\/p>\t\t\t\t\t\t\t\t<\/div>\n\t\t\t\t<\/div>\n\t\t\t\t\t<\/div>\n\t\t\t\t<\/div>\n\t\t\t\t<\/div>","protected":false},"excerpt":{"rendered":"<p>Fiume Tours d.o.o. sa sjedi\u0161tem u Rijeci, Ul. pod ka\u0161telom 5 (Fiume Tours), po\u0161tuje privatnost i \u0161titi osobne podatke u skladu s Uredbom (EU) 2016\/679 Europskog parlamenta i vije\u0107a o za\u0161titi pojedinaca u vezi s obradom osobnih podataka i o slobodnom kretanju takvih podataka (Op\u0107a uredba o za\u0161titi osobnih podataka) i Zakonom o provedbi Op\u0107e [&hellip;]<\/p>\n","protected":false},"author":1,"featured_media":0,"parent":0,"menu_order":0,"comment_status":"closed","ping_status":"closed","template":"elementor_header_footer","meta":{"footnotes":""},"class_list":["post-3","page","type-page","status-publish","hentry"],"_links":{"self":[{"href":"https:\/\/kongresi.fiumetours.hr\/en\/wp-json\/wp\/v2\/pages\/3","targetHints":{"allow":["GET"]}}],"collection":[{"href":"https:\/\/kongresi.fiumetours.hr\/en\/wp-json\/wp\/v2\/pages"}],"about":[{"href":"https:\/\/kongresi.fiumetours.hr\/en\/wp-json\/wp\/v2\/types\/page"}],"author":[{"embeddable":true,"href":"https:\/\/kongresi.fiumetours.hr\/en\/wp-json\/wp\/v2\/users\/1"}],"replies":[{"embeddable":true,"href":"https:\/\/kongresi.fiumetours.hr\/en\/wp-json\/wp\/v2\/comments?post=3"}],"version-history":[{"count":17,"href":"https:\/\/kongresi.fiumetours.hr\/en\/wp-json\/wp\/v2\/pages\/3\/revisions"}],"predecessor-version":[{"id":1856,"href":"https:\/\/kongresi.fiumetours.hr\/en\/wp-json\/wp\/v2\/pages\/3\/revisions\/1856"}],"wp:attachment":[{"href":"https:\/\/kongresi.fiumetours.hr\/en\/wp-json\/wp\/v2\/media?parent=3"}],"curies":[{"name":"wp","href":"https:\/\/api.w.org\/{rel}","templated":true}]}}